{"id":472,"date":"2022-06-10T17:55:18","date_gmt":"2022-06-10T14:55:18","guid":{"rendered":"https:\/\/wahlrooska.fi\/?page_id=472"},"modified":"2022-06-10T18:50:30","modified_gmt":"2022-06-10T15:50:30","slug":"tapahtumat","status":"publish","type":"page","link":"https:\/\/wahlrooska.fi\/index.php\/tapahtumat\/","title":{"rendered":"Tapahtumat"},"content":{"rendered":"\n<p>Wahlrooska j\u00e4rjest\u00e4\u00e4 vuosittain erilaisia hevosurheilutapahtumia valmennuksista kilpailuihin. T\u00e4ll\u00e4 sivulle tullaan p\u00e4ivitt\u00e4m\u00e4\u00e4n tulevista tapahtumista.<\/p>\n","protected":false},"excerpt":{"rendered":"<p>Wahlrooska j\u00e4rjest\u00e4\u00e4 vuosittain erilaisia hevosurheilutapahtumia valmennuksista kilpailuihin. T\u00e4ll\u00e4 sivulle tullaan p\u00e4ivitt\u00e4m\u00e4\u00e4n tulevista tapahtumista.<\/p>\n","protected":false},"author":3,"featured_media":0,"parent":0,"menu_order":0,"comment_status":"closed","ping_status":"closed","template":"","meta":{"footnotes":""},"class_list":["post-472","page","type-page","status-publish","hentry"],"_links":{"self":[{"href":"https:\/\/wahlrooska.fi\/index.php\/wp-json\/wp\/v2\/pages\/472","targetHints":{"allow":["GET"]}}],"collection":[{"href":"https:\/\/wahlrooska.fi\/index.php\/wp-json\/wp\/v2\/pages"}],"about":[{"href":"https:\/\/wahlrooska.fi\/index.php\/wp-json\/wp\/v2\/types\/page"}],"author":[{"embeddable":true,"href":"https:\/\/wahlrooska.fi\/index.php\/wp-json\/wp\/v2\/users\/3"}],"replies":[{"embeddable":true,"href":"https:\/\/wahlrooska.fi\/index.php\/wp-json\/wp\/v2\/comments?post=472"}],"version-history":[{"count":4,"href":"https:\/\/wahlrooska.fi\/index.php\/wp-json\/wp\/v2\/pages\/472\/revisions"}],"predecessor-version":[{"id":498,"href":"https:\/\/wahlrooska.fi\/index.php\/wp-json\/wp\/v2\/pages\/472\/revisions\/498"}],"wp:attachment":[{"href":"https:\/\/wahlrooska.fi\/index.php\/wp-json\/wp\/v2\/media?parent=472"}],"curies":[{"name":"wp","href":"https:\/\/api.w.org\/{rel}","templated":true}]}}