{"id":23,"date":"2022-05-23T19:33:34","date_gmt":"2022-05-23T16:33:34","guid":{"rendered":"https:\/\/wahlrooska.fi\/?page_id=23"},"modified":"2023-06-28T12:10:27","modified_gmt":"2023-06-28T09:10:27","slug":"jaseneksi","status":"publish","type":"page","link":"https:\/\/wahlrooska.fi\/index.php\/jaseneksi\/","title":{"rendered":"J\u00e4seneksi"},"content":{"rendered":"\nMit\u00e4 enemm\u00e4n Wahlrooska saa j\u00e4seni\u00e4, sit\u00e4 nopeammin p\u00e4\u00e4semme luomaan Wahlrooskasta koko alueen hevosharrastajille yhteist\u00e4 kohtaamispaikkaa. Tule mukaan t\u00e4n\u00e4\u00e4n ja luodaan yhdess\u00e4 Wahlrooskasta meille kaikille yhteinen hevosurheilukeskus!<\/p>\n<p>&nbsp;<\/p><h4 style=\"text-align: left;\"><strong>Liittymismaksu: 20e\u00a0<\/strong><br \/><strong>Vuosimaksu: 20e<\/strong><\/h4>\n<p>&nbsp;<\/p>\n<p><strong>T\u00e4yt\u00e4 allaoleva lomake niin l\u00e4het\u00e4mme sinulle laskun s\u00e4hk\u00f6postiin.<\/strong><\/p>\n<div role=\"form\" class=\"wpcf7\" id=\"wpcf7-f29-o1\" lang=\"fi\" dir=\"ltr\">\n<div class=\"screen-reader-response\"><p role=\"status\" aria-live=\"polite\" aria-atomic=\"true\"><\/p> <ul><\/ul><\/div>\n<form action=\"\/index.php\/wp-json\/wp\/v2\/pages\/23#wpcf7-f29-o1\" method=\"post\" class=\"wpcf7-form init\" novalidate=\"novalidate\" data-status=\"init\">\n<div style=\"display: none;\">\n<input type=\"hidden\" name=\"_wpcf7\" value=\"29\" \/>\n<input type=\"hidden\" name=\"_wpcf7_version\" value=\"5.5.6\" \/>\n<input type=\"hidden\" name=\"_wpcf7_locale\" value=\"fi\" \/>\n<input type=\"hidden\" name=\"_wpcf7_unit_tag\" value=\"wpcf7-f29-o1\" \/>\n<input type=\"hidden\" name=\"_wpcf7_container_post\" value=\"0\" \/>\n<input type=\"hidden\" name=\"_wpcf7_posted_data_hash\" value=\"\" \/>\n<\/div>\n<p><label> Nimi<br \/>\n    <span class=\"wpcf7-form-control-wrap your-name\"><input type=\"text\" name=\"your-name\" value=\"\" size=\"40\" class=\"wpcf7-form-control wpcf7-text wpcf7-validates-as-required\" aria-required=\"true\" aria-invalid=\"false\" \/><\/span> <\/label><\/p>\n<p><label> S\u00e4hk\u00f6posti<br \/>\n    <span class=\"wpcf7-form-control-wrap your-email\"><input type=\"email\" name=\"your-email\" value=\"\" size=\"40\" class=\"wpcf7-form-control wpcf7-text wpcf7-email wpcf7-validates-as-required wpcf7-validates-as-email\" aria-required=\"true\" aria-invalid=\"false\" \/><\/span> <\/label><\/p>\n<p><label> Osoite<br \/>\n    <span class=\"wpcf7-form-control-wrap your-subject\"><input type=\"text\" name=\"your-subject\" value=\"\" size=\"40\" class=\"wpcf7-form-control wpcf7-text wpcf7-validates-as-required\" aria-required=\"true\" aria-invalid=\"false\" \/><\/span> <\/label><\/p>\n<p><label> Puhelinnumero<br \/>\n    <span class=\"wpcf7-form-control-wrap your-message\"><textarea name=\"your-message\" cols=\"40\" rows=\"10\" class=\"wpcf7-form-control wpcf7-textarea\" aria-invalid=\"false\"><\/textarea><\/span> <\/label><\/p>\n<p><input type=\"submit\" value=\"Submit\" class=\"wpcf7-form-control has-spinner wpcf7-submit\" \/><\/p>\n<div class=\"wpcf7-response-output\" aria-hidden=\"true\"><\/div><\/form><\/div>\n","protected":false},"excerpt":{"rendered":"<p>Mit\u00e4 enemm\u00e4n Wahlrooska saa j\u00e4seni\u00e4, sit\u00e4 nopeammin p\u00e4\u00e4semme luomaan Wahlrooskasta koko alueen hevosharrastajille yhteist\u00e4 kohtaamispaikkaa. Tule mukaan t\u00e4n\u00e4\u00e4n ja luodaan yhdess\u00e4 Wahlrooskasta meille kaikille yhteinen hevosurheilukeskus! &nbsp; Liittymismaksu: 20e\u00a0Vuosimaksu: 20e &nbsp; T\u00e4yt\u00e4 allaoleva lomake niin l\u00e4het\u00e4mme sinulle laskun s\u00e4hk\u00f6postiin.<\/p>\n","protected":false},"author":3,"featured_media":0,"parent":0,"menu_order":0,"comment_status":"closed","ping_status":"closed","template":"","meta":{"footnotes":""},"class_list":["post-23","page","type-page","status-publish","hentry"],"_links":{"self":[{"href":"https:\/\/wahlrooska.fi\/index.php\/wp-json\/wp\/v2\/pages\/23","targetHints":{"allow":["GET"]}}],"collection":[{"href":"https:\/\/wahlrooska.fi\/index.php\/wp-json\/wp\/v2\/pages"}],"about":[{"href":"https:\/\/wahlrooska.fi\/index.php\/wp-json\/wp\/v2\/types\/page"}],"author":[{"embeddable":true,"href":"https:\/\/wahlrooska.fi\/index.php\/wp-json\/wp\/v2\/users\/3"}],"replies":[{"embeddable":true,"href":"https:\/\/wahlrooska.fi\/index.php\/wp-json\/wp\/v2\/comments?post=23"}],"version-history":[{"count":11,"href":"https:\/\/wahlrooska.fi\/index.php\/wp-json\/wp\/v2\/pages\/23\/revisions"}],"predecessor-version":[{"id":531,"href":"https:\/\/wahlrooska.fi\/index.php\/wp-json\/wp\/v2\/pages\/23\/revisions\/531"}],"wp:attachment":[{"href":"https:\/\/wahlrooska.fi\/index.php\/wp-json\/wp\/v2\/media?parent=23"}],"curies":[{"name":"wp","href":"https:\/\/api.w.org\/{rel}","templated":true}]}}